{"id":1386,"date":"2021-03-26T15:34:49","date_gmt":"2021-03-26T14:34:49","guid":{"rendered":"https:\/\/avacchelli.seekers.ch\/?page_id=1386"},"modified":"2023-10-31T09:52:28","modified_gmt":"2023-10-31T08:52:28","slug":"jewelry-already-worn","status":"publish","type":"page","link":"https:\/\/vacchelli.watch\/en\/jewelry-already-worn\/","title":{"rendered":"Jewelry already worn"},"content":{"rendered":"<p>[et_pb_section fb_built=&#8221;1&#8243; admin_label=&#8221;Page Title Section&#8221; _builder_version=&#8221;4.16&#8243; use_background_color_gradient=&#8221;on&#8221; background_color_gradient_direction=&#8221;120deg&#8221; background_color_gradient_stops=&#8221;rgba(0,0,0,0.58) 0%|rgba(0,0,0,0) 100%&#8221; background_color_gradient_overlays_image=&#8221;on&#8221; background_color_gradient_start=&#8221;rgba(0,0,0,0.58)&#8221; background_color_gradient_end=&#8221;rgba(0,0,0,0)&#8221; background_image=&#8221;http:\/\/vacchelli.watch\/wp-content\/uploads\/2021\/03\/montage_Glacier_ring_Inspired_collection_V2.jpg&#8221; custom_padding=&#8221;110px||110px|&#8221; global_colors_info=&#8221;{}&#8221; theme_builder_area=&#8221;post_content&#8221;][et_pb_row column_structure=&#8221;2_3,1_3&#8243; _builder_version=&#8221;4.16&#8243; background_size=&#8221;initial&#8221; background_position=&#8221;top_left&#8221; background_repeat=&#8221;repeat&#8221; global_colors_info=&#8221;{}&#8221; theme_builder_area=&#8221;post_content&#8221;][et_pb_column type=&#8221;2_3&#8243; _builder_version=&#8221;4.16&#8243; custom_padding=&#8221;|||&#8221; global_colors_info=&#8221;{}&#8221; custom_padding__hover=&#8221;|||&#8221; theme_builder_area=&#8221;post_content&#8221;][et_pb_text admin_label=&#8221;Title&#8221; _builder_version=&#8221;4.16&#8243; text_font=&#8221;||||||||&#8221; header_font=&#8221;||||||||&#8221; header_text_color=&#8221;#C59574&#8243; header_font_size=&#8221;60px&#8221; header_line_height=&#8221;1.2em&#8221; header_2_font=&#8221;||||||||&#8221; header_2_text_color=&#8221;#C59574&#8243; header_2_font_size=&#8221;60px&#8221; background_layout=&#8221;dark&#8221; custom_margin=&#8221;||-2px|||&#8221; custom_padding=&#8221;||0px|||&#8221; animation_style=&#8221;slide&#8221; animation_direction=&#8221;left&#8221; animation_intensity_slide=&#8221;10%&#8221; header_font_size_tablet=&#8221;&#8221; header_font_size_phone=&#8221;40px&#8221; header_font_size_last_edited=&#8221;on|phone&#8221; global_colors_info=&#8221;{}&#8221; theme_builder_area=&#8221;post_content&#8221;]<\/p>\n<h1>Jewelry <br \/>New \/ Previously worn<\/h1>\n<p>[\/et_pb_text][et_pb_text admin_label=&#8221;Page Subtitle&#8221; _builder_version=&#8221;4.16&#8243; text_font=&#8221;||||||||&#8221; text_font_size=&#8221;18px&#8221; text_line_height=&#8221;1.8em&#8221; header_font=&#8221;||||||||&#8221; background_layout=&#8221;dark&#8221; custom_margin=&#8221;-3px|||||&#8221; animation_style=&#8221;slide&#8221; animation_direction=&#8221;left&#8221; animation_intensity_slide=&#8221;10%&#8221; global_colors_info=&#8221;{}&#8221; theme_builder_area=&#8221;post_content&#8221;]<\/p>\n<p>Choices &#038; Discoveries<\/p>\n<p>[\/et_pb_text][\/et_pb_column][et_pb_column type=&#8221;1_3&#8243; _builder_version=&#8221;4.16&#8243; custom_padding=&#8221;|||&#8221; global_colors_info=&#8221;{}&#8221; custom_padding__hover=&#8221;|||&#8221; theme_builder_area=&#8221;post_content&#8221;][\/et_pb_column][\/et_pb_row][\/et_pb_section][et_pb_section fb_built=&#8221;1&#8243; admin_label=&#8221;Newsletter Section&#8221; module_id=&#8221;contact&#8221; _builder_version=&#8221;4.16&#8243; background_color=&#8221;#141314&#8243; custom_padding=&#8221;120px||120px|&#8221; saved_tabs=&#8221;all&#8221; global_colors_info=&#8221;{}&#8221; theme_builder_area=&#8221;post_content&#8221;][et_pb_row admin_label=&#8221;Newsletter Area&#8221; _builder_version=&#8221;4.16&#8243; custom_padding=&#8221;||10px|&#8221; global_colors_info=&#8221;{}&#8221; theme_builder_area=&#8221;post_content&#8221;][et_pb_column type=&#8221;4_4&#8243; _builder_version=&#8221;4.16&#8243; custom_padding=&#8221;|||&#8221; global_colors_info=&#8221;{}&#8221; custom_padding__hover=&#8221;|||&#8221; theme_builder_area=&#8221;post_content&#8221;][et_pb_text _builder_version=&#8221;4.16&#8243; text_font=&#8221;|300|||||||&#8221; text_text_color=&#8221;#FCF9ED&#8221; text_font_size=&#8221;18px&#8221; text_line_height=&#8221;1.8em&#8221; header_font=&#8221;||||||||&#8221; header_line_height=&#8221;1.5em&#8221; header_2_font=&#8221;||||||||&#8221; header_2_text_color=&#8221;#C59574&#8243; header_2_line_height=&#8221;1.5em&#8221; header_4_text_color=&#8221;#C59574&#8243; text_orientation=&#8221;center&#8221; max_width=&#8221;522px&#8221; module_alignment=&#8221;center&#8221; custom_margin=&#8221;||20px|||&#8221; custom_padding=&#8221;|||&#8221; animation_style=&#8221;fade&#8221; locked=&#8221;off&#8221; global_colors_info=&#8221;{}&#8221; theme_builder_area=&#8221;post_content&#8221;]<\/p>\n<h2>Our selling point <span style=\"text-decoration: underline;\"><\/span><br \/><span style=\"text-decoration: underline;\">previously worn pieces<\/span><span style=\"text-decoration: underline;\"> <\/span><\/h2>\n<p><span style=\"text-decoration: underline;\"><\/span><\/p>\n<p>Ensuring your choice and satisfaction for an impeccable piece with all the necessary guarantees.<\/p>\n<p>[\/et_pb_text][et_pb_divider color=&#8221;#C59574&#8243; divider_position=&#8221;center&#8221; divider_weight=&#8221;3px&#8221; _builder_version=&#8221;4.16&#8243; max_width=&#8221;50px&#8221; module_alignment=&#8221;center&#8221; custom_margin=&#8221;||20px|&#8221; animation_style=&#8221;fade&#8221; animation_direction=&#8221;top&#8221; locked=&#8221;off&#8221; global_colors_info=&#8221;{}&#8221; theme_builder_area=&#8221;post_content&#8221;][\/et_pb_divider][\/et_pb_column][\/et_pb_row][\/et_pb_section][et_pb_section fb_built=&#8221;1&#8243; _builder_version=&#8221;4.16&#8243; background_color=&#8221;#efe9e4&#8243; custom_padding=&#8221;90px||90px|&#8221; global_colors_info=&#8221;{}&#8221; theme_builder_area=&#8221;post_content&#8221;][et_pb_row _builder_version=&#8221;4.16&#8243; _module_preset=&#8221;default&#8221; max_width=&#8221;80%&#8221; global_colors_info=&#8221;{}&#8221; theme_builder_area=&#8221;post_content&#8221;][et_pb_column type=&#8221;4_4&#8243; _builder_version=&#8221;4.16&#8243; _module_preset=&#8221;default&#8221; global_colors_info=&#8221;{}&#8221; theme_builder_area=&#8221;post_content&#8221;][et_pb_portfolio fullwidth=&#8221;off&#8221; include_categories=&#8221;23&#8243; show_categories=&#8221;off&#8221; show_pagination=&#8221;off&#8221; zoom_icon_color=&#8221;RGBA(0,0,0,0)&#8221; hover_overlay_color=&#8221;RGBA(0,0,0,0)&#8221; disabled_on=&#8221;on|on|on&#8221; module_class=&#8221;avacchelli-portfolio&#8221; _builder_version=&#8221;4.16&#8243; _module_preset=&#8221;default&#8221; title_text_color=&#8221;#C59574&#8243; title_font_size=&#8221;21px&#8221; title_line_height=&#8221;1.6em&#8221; custom_css_portfolio_image=&#8221;transition: all 200ms;&#8221; box_shadow_style_image=&#8221;preset2&#8243; disabled=&#8221;on&#8221; global_colors_info=&#8221;{}&#8221; box_shadow_color_image__hover_enabled=&#8221;off|desktop&#8221; transform_styles__hover_enabled=&#8221;off|hover&#8221; transform_scale__hover_enabled=&#8221;off|hover&#8221; transform_translate__hover_enabled=&#8221;off|hover&#8221; transform_rotate__hover_enabled=&#8221;off|hover&#8221; transform_skew__hover_enabled=&#8221;off|hover&#8221; transform_origin__hover_enabled=&#8221;off|hover&#8221; transform_scale__hover=&#8221;104%|104%&#8221; custom_css_portfolio_image__hover_enabled=&#8221;on|desktop&#8221; custom_css_portfolio_image__hover=&#8221;transform:scale(1.05);&#8221; theme_builder_area=&#8221;post_content&#8221;][\/et_pb_portfolio][et_pb_text _builder_version=&#8221;4.22.2&#8243; _module_preset=&#8221;default&#8221; text_text_color=&#8221;#C59574&#8243; header_text_color=&#8221;#C59574&#8243; header_2_text_color=&#8221;#C59574&#8243; locked=&#8221;off&#8221; global_colors_info=&#8221;{}&#8221; theme_builder_area=&#8221;post_content&#8221;]<\/p>\n<h2>No availability at the moment<\/h2>\n<p>Come back soon.<\/p>\n<p>[\/et_pb_text][et_pb_code _builder_version=&#8221;4.16&#8243; _module_preset=&#8221;default&#8221; global_colors_info=&#8221;{}&#8221; theme_builder_area=&#8221;post_content&#8221;]<script><!-- [et_pb_line_break_holder] -->jQuery(function($) {<!-- [et_pb_line_break_holder] -->  $('.post-meta a').each(function(){<!-- [et_pb_line_break_holder] -->    if($(this).text() === 'Joaillerie d\u00e9j\u00e0 port\u00e9' || $(this).text() === 'Already worn jewelry') {<!-- [et_pb_line_break_holder] -->      $(this).remove();<!-- [et_pb_line_break_holder] -->    }<!-- [et_pb_line_break_holder] -->  });<!-- [et_pb_line_break_holder] -->  $('.post-meta').each(function(){<!-- [et_pb_line_break_holder] -->   var oldText = $(this).text();<!-- [et_pb_line_break_holder] -->    $(this).text(oldText.replace(\/,\/g, ''))<!-- [et_pb_line_break_holder] -->  });<!-- [et_pb_line_break_holder] -->});<!-- [et_pb_line_break_holder] -->  <\/script>[\/et_pb_code][\/et_pb_column][\/et_pb_row][\/et_pb_section]<\/p>\n","protected":false},"excerpt":{"rendered":"<p>Jewelry New \/ Previously wornChoices &#038; DiscoveriesOur selling point previously worn pieces Ensuring your choice and satisfaction for an impeccable piece with all the necessary guarantees.No availability at the moment Come back soon.<\/p>\n","protected":false},"author":1,"featured_media":0,"parent":0,"menu_order":0,"comment_status":"closed","ping_status":"closed","template":"","meta":{"_et_pb_use_builder":"on","_et_pb_old_content":"","_et_gb_content_width":"","inline_featured_image":false,"footnotes":""},"class_list":["post-1386","page","type-page","status-publish","hentry"],"yoast_head":"<!-- This site is optimized with the Yoast SEO plugin v27.4 - https:\/\/yoast.com\/product\/yoast-seo-wordpress\/ -->\n<title>Jewelry already worn - Avacchelli<\/title>\n<meta name=\"robots\" content=\"index, follow, max-snippet:-1, max-image-preview:large, max-video-preview:-1\" \/>\n<link rel=\"canonical\" href=\"https:\/\/vacchelli.watch\/en\/jewelry-already-worn\/\" \/>\n<meta property=\"og:locale\" content=\"en_US\" \/>\n<meta property=\"og:type\" content=\"article\" \/>\n<meta property=\"og:title\" content=\"Jewelry already worn - Avacchelli\" \/>\n<meta property=\"og:description\" content=\"Jewelry New \/ Previously wornChoices &amp; DiscoveriesOur selling point previously worn pieces Ensuring your choice and satisfaction for an impeccable piece with all the necessary guarantees.No availability at the moment Come back soon.\" \/>\n<meta property=\"og:url\" content=\"https:\/\/vacchelli.watch\/en\/jewelry-already-worn\/\" \/>\n<meta property=\"og:site_name\" content=\"Avacchelli\" \/>\n<meta property=\"article:modified_time\" content=\"2023-10-31T08:52:28+00:00\" \/>\n<meta name=\"twitter:card\" content=\"summary_large_image\" \/>\n<meta name=\"twitter:label1\" content=\"Est. reading time\" \/>\n\t<meta name=\"twitter:data1\" content=\"4 minutes\" \/>\n<script type=\"application\/ld+json\" class=\"yoast-schema-graph\">{\"@context\":\"https:\\\/\\\/schema.org\",\"@graph\":[{\"@type\":\"WebPage\",\"@id\":\"https:\\\/\\\/vacchelli.watch\\\/en\\\/jewelry-already-worn\\\/\",\"url\":\"https:\\\/\\\/vacchelli.watch\\\/en\\\/jewelry-already-worn\\\/\",\"name\":\"Jewelry already worn - Avacchelli\",\"isPartOf\":{\"@id\":\"https:\\\/\\\/vacchelli.watch\\\/#website\"},\"datePublished\":\"2021-03-26T14:34:49+00:00\",\"dateModified\":\"2023-10-31T08:52:28+00:00\",\"breadcrumb\":{\"@id\":\"https:\\\/\\\/vacchelli.watch\\\/en\\\/jewelry-already-worn\\\/#breadcrumb\"},\"inLanguage\":\"en-US\",\"potentialAction\":[{\"@type\":\"ReadAction\",\"target\":[\"https:\\\/\\\/vacchelli.watch\\\/en\\\/jewelry-already-worn\\\/\"]}]},{\"@type\":\"BreadcrumbList\",\"@id\":\"https:\\\/\\\/vacchelli.watch\\\/en\\\/jewelry-already-worn\\\/#breadcrumb\",\"itemListElement\":[{\"@type\":\"ListItem\",\"position\":1,\"name\":\"Accueil\",\"item\":\"https:\\\/\\\/vacchelli.watch\\\/en\\\/\"},{\"@type\":\"ListItem\",\"position\":2,\"name\":\"Jewelry already worn\"}]},{\"@type\":\"WebSite\",\"@id\":\"https:\\\/\\\/vacchelli.watch\\\/#website\",\"url\":\"https:\\\/\\\/vacchelli.watch\\\/\",\"name\":\"Avacchelli\",\"description\":\"NEW VISION OF HOROLOGY\",\"publisher\":{\"@id\":\"https:\\\/\\\/vacchelli.watch\\\/#organization\"},\"potentialAction\":[{\"@type\":\"SearchAction\",\"target\":{\"@type\":\"EntryPoint\",\"urlTemplate\":\"https:\\\/\\\/vacchelli.watch\\\/?s={search_term_string}\"},\"query-input\":{\"@type\":\"PropertyValueSpecification\",\"valueRequired\":true,\"valueName\":\"search_term_string\"}}],\"inLanguage\":\"en-US\"},{\"@type\":\"Organization\",\"@id\":\"https:\\\/\\\/vacchelli.watch\\\/#organization\",\"name\":\"Avacchelli\",\"url\":\"https:\\\/\\\/vacchelli.watch\\\/\",\"logo\":{\"@type\":\"ImageObject\",\"inLanguage\":\"en-US\",\"@id\":\"https:\\\/\\\/vacchelli.watch\\\/#\\\/schema\\\/logo\\\/image\\\/\",\"url\":\"http:\\\/\\\/vacchelli.watch\\\/wp-content\\\/uploads\\\/2021\\\/04\\\/logo-black-v2@1000x.png\",\"contentUrl\":\"http:\\\/\\\/vacchelli.watch\\\/wp-content\\\/uploads\\\/2021\\\/04\\\/logo-black-v2@1000x.png\",\"width\":1000,\"height\":261,\"caption\":\"Avacchelli\"},\"image\":{\"@id\":\"https:\\\/\\\/vacchelli.watch\\\/#\\\/schema\\\/logo\\\/image\\\/\"},\"sameAs\":[\"https:\\\/\\\/www.instagram.com\\\/a.vacchelli\\\/\"]}]}<\/script>\n<!-- \/ Yoast SEO plugin. -->","yoast_head_json":{"title":"Jewelry already worn - Avacchelli","robots":{"index":"index","follow":"follow","max-snippet":"max-snippet:-1","max-image-preview":"max-image-preview:large","max-video-preview":"max-video-preview:-1"},"canonical":"https:\/\/vacchelli.watch\/en\/jewelry-already-worn\/","og_locale":"en_US","og_type":"article","og_title":"Jewelry already worn - Avacchelli","og_description":"Jewelry New \/ Previously wornChoices & DiscoveriesOur selling point previously worn pieces Ensuring your choice and satisfaction for an impeccable piece with all the necessary guarantees.No availability at the moment Come back soon.","og_url":"https:\/\/vacchelli.watch\/en\/jewelry-already-worn\/","og_site_name":"Avacchelli","article_modified_time":"2023-10-31T08:52:28+00:00","twitter_card":"summary_large_image","twitter_misc":{"Est. reading time":"4 minutes"},"schema":{"@context":"https:\/\/schema.org","@graph":[{"@type":"WebPage","@id":"https:\/\/vacchelli.watch\/en\/jewelry-already-worn\/","url":"https:\/\/vacchelli.watch\/en\/jewelry-already-worn\/","name":"Jewelry already worn - Avacchelli","isPartOf":{"@id":"https:\/\/vacchelli.watch\/#website"},"datePublished":"2021-03-26T14:34:49+00:00","dateModified":"2023-10-31T08:52:28+00:00","breadcrumb":{"@id":"https:\/\/vacchelli.watch\/en\/jewelry-already-worn\/#breadcrumb"},"inLanguage":"en-US","potentialAction":[{"@type":"ReadAction","target":["https:\/\/vacchelli.watch\/en\/jewelry-already-worn\/"]}]},{"@type":"BreadcrumbList","@id":"https:\/\/vacchelli.watch\/en\/jewelry-already-worn\/#breadcrumb","itemListElement":[{"@type":"ListItem","position":1,"name":"Accueil","item":"https:\/\/vacchelli.watch\/en\/"},{"@type":"ListItem","position":2,"name":"Jewelry already worn"}]},{"@type":"WebSite","@id":"https:\/\/vacchelli.watch\/#website","url":"https:\/\/vacchelli.watch\/","name":"Avacchelli","description":"NEW VISION OF HOROLOGY","publisher":{"@id":"https:\/\/vacchelli.watch\/#organization"},"potentialAction":[{"@type":"SearchAction","target":{"@type":"EntryPoint","urlTemplate":"https:\/\/vacchelli.watch\/?s={search_term_string}"},"query-input":{"@type":"PropertyValueSpecification","valueRequired":true,"valueName":"search_term_string"}}],"inLanguage":"en-US"},{"@type":"Organization","@id":"https:\/\/vacchelli.watch\/#organization","name":"Avacchelli","url":"https:\/\/vacchelli.watch\/","logo":{"@type":"ImageObject","inLanguage":"en-US","@id":"https:\/\/vacchelli.watch\/#\/schema\/logo\/image\/","url":"http:\/\/vacchelli.watch\/wp-content\/uploads\/2021\/04\/logo-black-v2@1000x.png","contentUrl":"http:\/\/vacchelli.watch\/wp-content\/uploads\/2021\/04\/logo-black-v2@1000x.png","width":1000,"height":261,"caption":"Avacchelli"},"image":{"@id":"https:\/\/vacchelli.watch\/#\/schema\/logo\/image\/"},"sameAs":["https:\/\/www.instagram.com\/a.vacchelli\/"]}]}},"_links":{"self":[{"href":"https:\/\/vacchelli.watch\/en\/wp-json\/wp\/v2\/pages\/1386","targetHints":{"allow":["GET"]}}],"collection":[{"href":"https:\/\/vacchelli.watch\/en\/wp-json\/wp\/v2\/pages"}],"about":[{"href":"https:\/\/vacchelli.watch\/en\/wp-json\/wp\/v2\/types\/page"}],"author":[{"embeddable":true,"href":"https:\/\/vacchelli.watch\/en\/wp-json\/wp\/v2\/users\/1"}],"replies":[{"embeddable":true,"href":"https:\/\/vacchelli.watch\/en\/wp-json\/wp\/v2\/comments?post=1386"}],"version-history":[{"count":13,"href":"https:\/\/vacchelli.watch\/en\/wp-json\/wp\/v2\/pages\/1386\/revisions"}],"predecessor-version":[{"id":2463,"href":"https:\/\/vacchelli.watch\/en\/wp-json\/wp\/v2\/pages\/1386\/revisions\/2463"}],"wp:attachment":[{"href":"https:\/\/vacchelli.watch\/en\/wp-json\/wp\/v2\/media?parent=1386"}],"curies":[{"name":"wp","href":"https:\/\/api.w.org\/{rel}","templated":true}]}}